{"id":3916,"date":"2021-02-23T12:39:53","date_gmt":"2021-02-23T11:39:53","guid":{"rendered":"https:\/\/www.casalafinca.com\/le-spa"},"modified":"2025-08-18T22:12:08","modified_gmt":"2025-08-18T20:12:08","slug":"le-spa","status":"publish","type":"page","link":"https:\/\/www.casalafinca.com\/es\/le-spa","title":{"rendered":"El SPA"},"content":{"rendered":"<div class=\"entete relative\"><div class=\"headzone\"><h1>El SPA<\/h1><\/div><\/div>\n\n<div class=\"entete relative\"><div class=\"headzone\"><h1>El SPA<\/h1>\n<\/div><script type=\"text\/javascript\" src=\"https:\/\/www.casalafinca.com\/wp-content\/themes\/thirty5\/library\/js\/owl\/owl.carousel.js\"><\/script><link rel=\"stylesheet\" href=\"https:\/\/www.casalafinca.com\/wp-content\/themes\/thirty5\/library\/js\/owl\/assets\/owl.carousel.css\"><link rel=\"stylesheet\" href=\"https:\/\/www.casalafinca.com\/wp-content\/themes\/thirty5\/library\/js\/owl\/assets\/owl.theme.default.css\"><div class=\"bandeau owl-carousel scratch\"><div class=\"bandeau_content\" style=\"background-image:url(https:\/\/www.casalafinca.com\/wp-content\/uploads\/2023\/08\/DSC08167-scaled.jpg)\"><p id=\"breadcrumbs\"><span><span><a href=\"https:\/\/www.casalafinca.com\/es\">Accueil<\/a><\/span><\/span><\/p><\/div><div class=\"bandeau_content\" style=\"background-image:url(https:\/\/www.casalafinca.com\/wp-content\/uploads\/2022\/04\/F638CF05-57D7-424E-AAAA-E16E616409B6.jpeg)\"><p id=\"breadcrumbs\"><span><span><a href=\"https:\/\/www.casalafinca.com\/es\">Accueil<\/a><\/span><\/span><\/p><\/div><div class=\"bandeau_content\" style=\"background-image:url(https:\/\/www.casalafinca.com\/wp-content\/uploads\/2023\/08\/DSC08169-scaled.jpg)\"><p id=\"breadcrumbs\"><span><span><a href=\"https:\/\/www.casalafinca.com\/es\">Accueil<\/a><\/span><\/span><\/p><\/div><\/div>      <script type=\"text\/javascript\">\n         jQuery(document).ready(function($){\n            $('.bandeau').owlCarousel({\n               loop:true,\n               margin:0,\n               nav:true,\n               items:1,\n               autoplay:true,\n               autoplayTimeout:3000,\n               autoplayHoverPause:false\n            });\n         });\n      <\/script>\n\n      <\/div>\n\n<section class=\"bleu-arbre relative chapeau\">\n\n   <div class=\"container center col\">\n\n      <img decoding=\"async\" src=\"https:\/\/www.casalafinca.com\/wp-content\/themes\/thirty5\/library\/images\/eye.svg\" alt=\"\" class=\"eye\">\n\n   <\/div>\n\n   <div class=\"mcontainer abtn center\">\n\n      <p class=\"col1-1 col relative catchline\">\n         \u00a1SUM\u00c9RGETE EN LAS AGUAS C\u00c1LIDAS Y TURQUESAS DE NUESTRO SPA!      <\/p>\n\n      <article class=\"col1-1 relative\">\n         <p data-start=\"116\" data-end=\"475\">Nuestro SPA, <strong>concebido como una extensi\u00f3n de tu habitaci\u00f3n<\/strong>, es accesible directamente en ascensor entre las 6 h y las 2 h de la madrugada.<\/p>\n<p data-start=\"116\" data-end=\"475\"><br data-start=\"258\" data-end=\"261\" \/>Equipado con un ba\u00f1o de burbujas, un hammam y una zona de relajaci\u00f3n, podr\u00e1s disfrutar all\u00ed de un c\u00f3ctel, o simplemente de un t\u00e9, mientras te embarcas en <strong>un viaje imaginario hacia las aguas turquesas de Cala Saona.<\/strong><\/p>\n      <\/article>\n\n      <div class=\"blueline\">\u00a1ABIERTO!<\/div>\n   <\/div>\n\n<div class=\"zone_galet relative\"><img decoding=\"async\" src=\"https:\/\/www.casalafinca.com\/wp-content\/themes\/thirty5\/library\/images\/cailloux.png\" alt=\"\" class=\"cailloux zindex30\" ><\/div>\n\n<\/section>\n\n\n<section class=\"plage relative\">\n\n\n   <div class=\"container flex vpad8 relative\">\n\n      <div class=\"col2-3 col animateL\">\n         <img decoding=\"async\" src=\"https:\/\/www.casalafinca.com\/wp-content\/uploads\/2022\/04\/web-IMG_7153.jpg\" class=\"fw frame\">      <\/div>\n\n      <div class=\"col1-3 col flex fcolumn jcenter abtn wood2 animateR delay2 \">\n               <\/div>\n\n   <\/div>\n\n\n\n   <div class=\"container flex vpad8 relative\">\n\n      <div class=\"col1-3 col flex fcolumn jcenter abtn right light wood3  animateL delay2\">\n         <img decoding=\"async\" src=\"https:\/\/www.casalafinca.com\/wp-content\/themes\/thirty5\/library\/images\/visage.svg\" alt=\"\" class=\"plageface\" >\n               <\/div>\n\n      <div class=\"col2-3 col animateR\">\n         <img decoding=\"async\" src=\"https:\/\/www.casalafinca.com\/wp-content\/uploads\/2022\/04\/web-IMG_7005.jpg\" class=\"fw  frame\">      <\/div>\n\n   <\/div>\n\n<\/section>\n\n\n\n<script>\n  ;(function (d, s, id) {\n   const el = d.getElementsByTagName(s)[0]\n   if (d.getElementById(id) || el.parentNode == null) return\n   var js = d.createElement(s)\n   js.id = id\n   js.src = 'https:\/\/sdk.zenchef.com\/v1\/sdk.min.js'\n   el.parentNode.insertBefore(js, el)\n  })(document, 'script', 'zenchef-sdk')\n<\/script>\n<div\n  class=\"zc-widget-config\"\n  data-restaurant=\"363857\"\n><\/div>\n","protected":false},"excerpt":{"rendered":"","protected":false},"author":2,"featured_media":0,"parent":0,"menu_order":5,"comment_status":"closed","ping_status":"closed","template":"","meta":{"footnotes":""},"class_list":["post-3916","page","type-page","status-publish","hentry"],"yoast_head":"<!-- This site is optimized with the Yoast SEO plugin v27.4 - https:\/\/yoast.com\/product\/yoast-seo-wordpress\/ -->\n<title>Plongez dans les eaux chaudes de notre SPA - H\u00f4tel la Finca<\/title>\n<meta name=\"description\" content=\"Notre SPA, con\u00e7u comme le prolongement de votre chambre, est accessible directement en ascenseur et \u00e0 toute heure du jour et de la nuit.\" \/>\n<meta name=\"robots\" content=\"index, follow, max-snippet:-1, max-image-preview:large, max-video-preview:-1\" \/>\n<link rel=\"canonical\" href=\"https:\/\/www.casalafinca.com\/es\/le-spa\" \/>\n<meta property=\"og:locale\" content=\"es_ES\" \/>\n<meta property=\"og:type\" content=\"article\" \/>\n<meta property=\"og:title\" content=\"Plongez dans les eaux chaudes de notre SPA - H\u00f4tel la Finca\" \/>\n<meta property=\"og:description\" content=\"Notre SPA, con\u00e7u comme le prolongement de votre chambre, est accessible directement en ascenseur et \u00e0 toute heure du jour et de la nuit.\" \/>\n<meta property=\"og:url\" content=\"https:\/\/www.casalafinca.com\/es\/le-spa\" \/>\n<meta property=\"og:site_name\" content=\"H\u00f4tel - La Finca\" \/>\n<meta property=\"article:publisher\" content=\"https:\/\/www.facebook.com\/lafincaparis\/yoast\" \/>\n<meta property=\"article:modified_time\" content=\"2025-08-18T20:12:08+00:00\" \/>\n<meta property=\"og:image\" content=\"https:\/\/www.casalafinca.com\/wp-content\/uploads\/2023\/08\/Punta-Xarraca_6-1-scaled.jpg\" \/>\n\t<meta property=\"og:image:width\" content=\"2560\" \/>\n\t<meta property=\"og:image:height\" content=\"2560\" \/>\n\t<meta property=\"og:image:type\" content=\"image\/jpeg\" \/>\n<meta name=\"twitter:card\" content=\"summary_large_image\" \/>\n<script type=\"application\/ld+json\" class=\"yoast-schema-graph\">{\"@context\":\"https:\\\/\\\/schema.org\",\"@graph\":[{\"@type\":\"WebPage\",\"@id\":\"https:\\\/\\\/www.casalafinca.com\\\/es\\\/le-spa\",\"url\":\"https:\\\/\\\/www.casalafinca.com\\\/es\\\/le-spa\",\"name\":\"Plongez dans les eaux chaudes de notre SPA - H\u00f4tel la Finca\",\"isPartOf\":{\"@id\":\"https:\\\/\\\/www.casalafinca.com\\\/#website\"},\"datePublished\":\"2021-02-23T11:39:53+00:00\",\"dateModified\":\"2025-08-18T20:12:08+00:00\",\"description\":\"Notre SPA, con\u00e7u comme le prolongement de votre chambre, est accessible directement en ascenseur et \u00e0 toute heure du jour et de la nuit.\",\"breadcrumb\":{\"@id\":\"https:\\\/\\\/www.casalafinca.com\\\/es\\\/le-spa#breadcrumb\"},\"inLanguage\":\"es\",\"potentialAction\":[{\"@type\":\"ReadAction\",\"target\":[\"https:\\\/\\\/www.casalafinca.com\\\/es\\\/le-spa\"]}]},{\"@type\":\"BreadcrumbList\",\"@id\":\"https:\\\/\\\/www.casalafinca.com\\\/es\\\/le-spa#breadcrumb\",\"itemListElement\":[{\"@type\":\"ListItem\",\"position\":1,\"name\":\"Accueil\",\"item\":\"https:\\\/\\\/www.casalafinca.com\\\/es\"},{\"@type\":\"ListItem\",\"position\":2,\"name\":\"El SPA\"}]},{\"@type\":\"WebSite\",\"@id\":\"https:\\\/\\\/www.casalafinca.com\\\/#website\",\"url\":\"https:\\\/\\\/www.casalafinca.com\\\/\",\"name\":\"H\u00f4tel - La Finca\",\"description\":\"La Finca h\u00f4tel, spa et restaurant\",\"publisher\":{\"@id\":\"https:\\\/\\\/www.casalafinca.com\\\/#organization\"},\"potentialAction\":[{\"@type\":\"SearchAction\",\"target\":{\"@type\":\"EntryPoint\",\"urlTemplate\":\"https:\\\/\\\/www.casalafinca.com\\\/?s={search_term_string}\"},\"query-input\":{\"@type\":\"PropertyValueSpecification\",\"valueRequired\":true,\"valueName\":\"search_term_string\"}}],\"inLanguage\":\"es\"},{\"@type\":\"Organization\",\"@id\":\"https:\\\/\\\/www.casalafinca.com\\\/#organization\",\"name\":\"H\u00f4tel - La Finca\",\"url\":\"https:\\\/\\\/www.casalafinca.com\\\/\",\"logo\":{\"@type\":\"ImageObject\",\"inLanguage\":\"es\",\"@id\":\"https:\\\/\\\/www.casalafinca.com\\\/#\\\/schema\\\/logo\\\/image\\\/\",\"url\":\"https:\\\/\\\/www.casalafinca.com\\\/wp-content\\\/uploads\\\/2021\\\/02\\\/visage-bleu.svg\",\"contentUrl\":\"https:\\\/\\\/www.casalafinca.com\\\/wp-content\\\/uploads\\\/2021\\\/02\\\/visage-bleu.svg\",\"width\":1,\"height\":1,\"caption\":\"H\u00f4tel - La Finca\"},\"image\":{\"@id\":\"https:\\\/\\\/www.casalafinca.com\\\/#\\\/schema\\\/logo\\\/image\\\/\"},\"sameAs\":[\"https:\\\/\\\/www.facebook.com\\\/lafincaparis\\\/yoast\"]}]}<\/script>\n<!-- \/ Yoast SEO plugin. -->","yoast_head_json":{"title":"Plongez dans les eaux chaudes de notre SPA - H\u00f4tel la Finca","description":"Notre SPA, con\u00e7u comme le prolongement de votre chambre, est accessible directement en ascenseur et \u00e0 toute heure du jour et de la nuit.","robots":{"index":"index","follow":"follow","max-snippet":"max-snippet:-1","max-image-preview":"max-image-preview:large","max-video-preview":"max-video-preview:-1"},"canonical":"https:\/\/www.casalafinca.com\/es\/le-spa","og_locale":"es_ES","og_type":"article","og_title":"Plongez dans les eaux chaudes de notre SPA - H\u00f4tel la Finca","og_description":"Notre SPA, con\u00e7u comme le prolongement de votre chambre, est accessible directement en ascenseur et \u00e0 toute heure du jour et de la nuit.","og_url":"https:\/\/www.casalafinca.com\/es\/le-spa","og_site_name":"H\u00f4tel - La Finca","article_publisher":"https:\/\/www.facebook.com\/lafincaparis\/yoast","article_modified_time":"2025-08-18T20:12:08+00:00","og_image":[{"width":2560,"height":2560,"url":"https:\/\/www.casalafinca.com\/wp-content\/uploads\/2023\/08\/Punta-Xarraca_6-1-scaled.jpg","type":"image\/jpeg"}],"twitter_card":"summary_large_image","schema":{"@context":"https:\/\/schema.org","@graph":[{"@type":"WebPage","@id":"https:\/\/www.casalafinca.com\/es\/le-spa","url":"https:\/\/www.casalafinca.com\/es\/le-spa","name":"Plongez dans les eaux chaudes de notre SPA - H\u00f4tel la Finca","isPartOf":{"@id":"https:\/\/www.casalafinca.com\/#website"},"datePublished":"2021-02-23T11:39:53+00:00","dateModified":"2025-08-18T20:12:08+00:00","description":"Notre SPA, con\u00e7u comme le prolongement de votre chambre, est accessible directement en ascenseur et \u00e0 toute heure du jour et de la nuit.","breadcrumb":{"@id":"https:\/\/www.casalafinca.com\/es\/le-spa#breadcrumb"},"inLanguage":"es","potentialAction":[{"@type":"ReadAction","target":["https:\/\/www.casalafinca.com\/es\/le-spa"]}]},{"@type":"BreadcrumbList","@id":"https:\/\/www.casalafinca.com\/es\/le-spa#breadcrumb","itemListElement":[{"@type":"ListItem","position":1,"name":"Accueil","item":"https:\/\/www.casalafinca.com\/es"},{"@type":"ListItem","position":2,"name":"El SPA"}]},{"@type":"WebSite","@id":"https:\/\/www.casalafinca.com\/#website","url":"https:\/\/www.casalafinca.com\/","name":"H\u00f4tel - La Finca","description":"La Finca h\u00f4tel, spa et restaurant","publisher":{"@id":"https:\/\/www.casalafinca.com\/#organization"},"potentialAction":[{"@type":"SearchAction","target":{"@type":"EntryPoint","urlTemplate":"https:\/\/www.casalafinca.com\/?s={search_term_string}"},"query-input":{"@type":"PropertyValueSpecification","valueRequired":true,"valueName":"search_term_string"}}],"inLanguage":"es"},{"@type":"Organization","@id":"https:\/\/www.casalafinca.com\/#organization","name":"H\u00f4tel - La Finca","url":"https:\/\/www.casalafinca.com\/","logo":{"@type":"ImageObject","inLanguage":"es","@id":"https:\/\/www.casalafinca.com\/#\/schema\/logo\/image\/","url":"https:\/\/www.casalafinca.com\/wp-content\/uploads\/2021\/02\/visage-bleu.svg","contentUrl":"https:\/\/www.casalafinca.com\/wp-content\/uploads\/2021\/02\/visage-bleu.svg","width":1,"height":1,"caption":"H\u00f4tel - La Finca"},"image":{"@id":"https:\/\/www.casalafinca.com\/#\/schema\/logo\/image\/"},"sameAs":["https:\/\/www.facebook.com\/lafincaparis\/yoast"]}]}},"_links":{"self":[{"href":"https:\/\/www.casalafinca.com\/es\/wp-json\/wp\/v2\/pages\/3916","targetHints":{"allow":["GET"]}}],"collection":[{"href":"https:\/\/www.casalafinca.com\/es\/wp-json\/wp\/v2\/pages"}],"about":[{"href":"https:\/\/www.casalafinca.com\/es\/wp-json\/wp\/v2\/types\/page"}],"author":[{"embeddable":true,"href":"https:\/\/www.casalafinca.com\/es\/wp-json\/wp\/v2\/users\/2"}],"replies":[{"embeddable":true,"href":"https:\/\/www.casalafinca.com\/es\/wp-json\/wp\/v2\/comments?post=3916"}],"version-history":[{"count":2,"href":"https:\/\/www.casalafinca.com\/es\/wp-json\/wp\/v2\/pages\/3916\/revisions"}],"predecessor-version":[{"id":3921,"href":"https:\/\/www.casalafinca.com\/es\/wp-json\/wp\/v2\/pages\/3916\/revisions\/3921"}],"wp:attachment":[{"href":"https:\/\/www.casalafinca.com\/es\/wp-json\/wp\/v2\/media?parent=3916"}],"curies":[{"name":"wp","href":"https:\/\/api.w.org\/{rel}","templated":true}]}}