{"id":3890,"date":"2021-02-15T13:59:41","date_gmt":"2021-02-15T12:59:41","guid":{"rendered":"https:\/\/www.casalafinca.com\/les-chambres\/la-crique"},"modified":"2025-08-20T19:14:10","modified_gmt":"2025-08-20T17:14:10","slug":"la-crique","status":"publish","type":"page","link":"https:\/\/www.casalafinca.com\/es\/les-chambres\/la-crique","title":{"rendered":"La Suite"},"content":{"rendered":"<div class=\"entete relative\"><div class=\"headzone\"><p>&nbsp;<\/p>\n<h1>La suite<\/h1>\n<\/div><script type=\"text\/javascript\" src=\"https:\/\/www.casalafinca.com\/wp-content\/themes\/thirty5\/library\/js\/owl\/owl.carousel.js\"><\/script><link rel=\"stylesheet\" href=\"https:\/\/www.casalafinca.com\/wp-content\/themes\/thirty5\/library\/js\/owl\/assets\/owl.carousel.css\"><link rel=\"stylesheet\" href=\"https:\/\/www.casalafinca.com\/wp-content\/themes\/thirty5\/library\/js\/owl\/assets\/owl.theme.default.css\"><div class=\"bandeau owl-carousel scratch\"><div class=\"bandeau_content\" style=\"background-image:url(https:\/\/www.casalafinca.com\/wp-content\/uploads\/2023\/08\/Punta-Xarraca_10_2-scaled.jpg)\"><p id=\"breadcrumbs\"><span><span><a href=\"https:\/\/www.casalafinca.com\/es\">Accueil<\/a><\/span><\/span><\/p><\/div><div class=\"bandeau_content\" style=\"background-image:url(https:\/\/www.casalafinca.com\/wp-content\/uploads\/2023\/08\/Punta-Xarraca_13-1-scaled.jpg)\"><p id=\"breadcrumbs\"><span><span><a href=\"https:\/\/www.casalafinca.com\/es\">Accueil<\/a><\/span><\/span><\/p><\/div><div class=\"bandeau_content\" style=\"background-image:url(https:\/\/www.casalafinca.com\/wp-content\/uploads\/2023\/08\/Punta-Xarraca_3-scaled.jpg)\"><p id=\"breadcrumbs\"><span><span><a href=\"https:\/\/www.casalafinca.com\/es\">Accueil<\/a><\/span><\/span><\/p><\/div><\/div>      <script type=\"text\/javascript\">\n         jQuery(document).ready(function($){\n            $('.bandeau').owlCarousel({\n               loop:true,\n               margin:0,\n               nav:true,\n               items:1,\n               autoplay:true,\n               autoplayTimeout:3000,\n               autoplayHoverPause:false\n            });\n         });\n      <\/script>\n\n      <\/div>\n\n<section class=\"bleu-arbre relative chapeau\">\n\n   <div class=\"container center col\">\n\n      <img decoding=\"async\" src=\"https:\/\/www.casalafinca.com\/wp-content\/themes\/thirty5\/library\/images\/eye.svg\" alt=\"\" class=\"eye\">\n\n   <\/div>\n\n   <div class=\"mcontainer abtn center\">\n\n      <p class=\"col1-1 col relative catchline\">\n         \u00a1Tranquila y espaciosa!      <\/p>\n\n      <article class=\"col1-1 relative\">\n         <p data-start=\"102\" data-end=\"165\">\u00a1En familia o en pareja, <strong>reg\u00e1late un momento de relajaci\u00f3n!<\/strong><\/p>\n      <\/article>\n\n      \n   <\/div>\n\n\n\n<\/section>\n\n\n<section class=\"chambre_listing bg_paper vpad4 overflow relative\">\n\n\n\n   <img decoding=\"async\" src=\"https:\/\/www.casalafinca.com\/wp-content\/themes\/thirty5\/library\/images\/tache-jaune.png\" alt=\"\" class=\"yellowpaint parallax\" data-speed=\"15\">\n   <img decoding=\"async\" src=\"https:\/\/www.casalafinca.com\/wp-content\/themes\/thirty5\/library\/images\/tache-orange.png\" alt=\"\" class=\"orangepaint parallax\" data-speed=\"10\">\n\n\n   <div class=\"container paint1 relative zindex50\">\n      <h2 class=\"\">La habitaci\u00f3n<\/h2>\n   <\/div>\n\n   <div class=\"container abtn relative zindex50\">\n\n      <script type=\"text\/javascript\" src=\"https:\/\/www.casalafinca.com\/wp-content\/themes\/thirty5\/library\/js\/owl\/owl.carousel.js\"><\/script><link rel=\"stylesheet\" href=\"https:\/\/www.casalafinca.com\/wp-content\/themes\/thirty5\/library\/js\/owl\/assets\/owl.carousel.css\"><link rel=\"stylesheet\" href=\"https:\/\/www.casalafinca.com\/wp-content\/themes\/thirty5\/library\/js\/owl\/assets\/owl.theme.default.css\"><article class=\"flex animateL\"><div class=\"col1-4 col flex relative\"><h3>La suite<\/h3><em>Habitaci\u00f3n triple<\/em><hr data-start=\"74\" data-end=\"77\" \/>\n<ul>\n<li data-start=\"81\" data-end=\"110\">1 cama doble grande 180&#215;200<\/li>\n<li data-start=\"113\" data-end=\"139\">1 cama individual 90&#215;190<\/li>\n<li data-start=\"142\" data-end=\"167\">Ba\u00f1o con ducha italiana<\/li>\n<li data-start=\"170\" data-end=\"177\">23 m\u00b2<\/li>\n<\/ul>\n<p data-start=\"179\" data-end=\"191\"><a href=\"https:\/\/www.secure-hotel-booking.com\/d-edge\/Hotel-La-finca\/JR8M\/es-ES\/DateSelection\">Reservar<\/a><\/p>\n<\/div><div class=\"col3-4 relative\"><div class=\"chambre_1 chambre_diapo owl-carousel\"><div class=\"slide hover4\" style=\"background-image:url(https:\/\/www.casalafinca.com\/wp-content\/uploads\/2023\/08\/Punta-Xarraca_9-scaled.jpg)\"><\/div><div class=\"slide hover4\" style=\"background-image:url(https:\/\/www.casalafinca.com\/wp-content\/uploads\/2023\/08\/Punta-Xarraca_12-1-scaled.jpg)\"><\/div><div class=\"slide hover4\" style=\"background-image:url(https:\/\/www.casalafinca.com\/wp-content\/uploads\/2023\/08\/Punta-Xarraca_13-1-scaled.jpg)\"><\/div><div class=\"slide hover4\" style=\"background-image:url(https:\/\/www.casalafinca.com\/wp-content\/uploads\/2023\/08\/Punta-Xarraca_10_2-scaled.jpg)\"><\/div><\/div><\/div><\/article>\n            <script type=\"text\/javascript\">\n               jQuery(document).ready(function($){\n                  $('.chambre_1').owlCarousel({\n                     loop:true,\n                     margin:0,\n                     nav:true,\n                     items:1,\n                  });\n               });\n            <\/script>\n\n         \n   <\/div>\n\n\n<\/section>\n\n\n\n<section class=\"relative block-bleu vpad3 overflow\">\n\n   <div class=\"container flex center vcenter light\">\n\n      <img decoding=\"async\" src=\"https:\/\/www.casalafinca.com\/wp-content\/themes\/thirty5\/library\/images\/visage.svg\" alt=\"\" class=\"faceleft parallax\" data-speed=\"10\" >\n\n\n      <div class=\"col1-2 col relative\">\n         <figure>\n            <img decoding=\"async\" src=\"https:\/\/www.casalafinca.com\/wp-content\/uploads\/2023\/08\/Punta-De-Sa-Torre_2-1024x683.jpg\" class=\"fw animateL\">         <\/figure>\n\n      <\/div>\n\n      <article class=\"col1-2 col relative left animateR\">\n         <h3 data-start=\"145\" data-end=\"177\"><strong data-start=\"154\" data-end=\"177\">Servicios incluidos<\/strong><\/h3>\n<ul>\n<li data-start=\"181\" data-end=\"221\">SPA incluido en todas las habitaciones<\/li>\n<li data-start=\"224\" data-end=\"274\">Albornoces disponibles en todas las habitaciones<\/li>\n<li data-start=\"277\" data-end=\"323\">Televisi\u00f3n (con canales del paquete Canal +)<\/li>\n<li data-start=\"326\" data-end=\"336\">Tel\u00e9fono<\/li>\n<li data-start=\"339\" data-end=\"354\">WIFI gratuito<\/li>\n<li data-start=\"357\" data-end=\"370\">Caja fuerte<\/li>\n<li data-start=\"373\" data-end=\"421\">M\u00e1quina de caf\u00e9 Nespresso y t\u00e9s Mariage Fr\u00e8res<\/li>\n<li data-start=\"424\" data-end=\"514\">Productos de tocador Apothicals by Damana certificados ECOLABEL (97\u202f% de origen natural)<\/li>\n<li data-start=\"517\" data-end=\"537\">Aire acondicionado<\/li>\n<li data-start=\"540\" data-end=\"557\">Secador de pelo<\/li>\n<li data-start=\"560\" data-end=\"594\">Cortina opaca de altura completa<\/li>\n<\/ul>\n      <\/article>\n\n   <\/div>\n\n<\/section>\n\n\n<section class=\"flex cta\">\n      <div class=\"col1-2 bgcover\" style=\"background-image:url(https:\/\/www.casalafinca.com\/wp-content\/uploads\/2023\/08\/Punta-Benirras_2-scaled.jpg);\">\n      <a href=\"#\">\n         <a href=\"https:\/\/www.casalafinca.com\/es\/les-chambres\/le-village\"><span>Rumbo a la Executive<\/a> <\/span>\n      <\/a>\n   <\/div>\n\n      <div class=\"col1-2 bgcover\" style=\"background-image:url(https:\/\/www.casalafinca.com\/wp-content\/uploads\/2025\/05\/Punta-De-Sa-Torre_4-2-scaled-1.jpg);\">\n      <a href=\"#\">\n         <a href=\"https:\/\/www.casalafinca.com\/es\/les-chambres\/la-confort\"><span>Rumbo a la Standard<\/a> <\/span>\n      <\/a>\n   <\/div>\n<\/section>\n\n\n\n<script>\n  ;(function (d, s, id) {\n   const el = d.getElementsByTagName(s)[0]\n   if (d.getElementById(id) || el.parentNode == null) return\n   var js = d.createElement(s)\n   js.id = id\n   js.src = 'https:\/\/sdk.zenchef.com\/v1\/sdk.min.js'\n   el.parentNode.insertBefore(js, el)\n  })(document, 'script', 'zenchef-sdk')\n<\/script>\n<div\n  class=\"zc-widget-config\"\n  data-restaurant=\"363857\"\n><\/div>\n","protected":false},"excerpt":{"rendered":"","protected":false},"author":1,"featured_media":0,"parent":3843,"menu_order":4,"comment_status":"closed","ping_status":"closed","template":"","meta":{"footnotes":""},"class_list":["post-3890","page","type-page","status-publish","hentry"],"yoast_head":"<!-- This site is optimized with the Yoast SEO plugin v27.4 - https:\/\/yoast.com\/product\/yoast-seo-wordpress\/ -->\n<title>Chambres La Crique - H\u00f4tels La Finca - Paris (11e ARR.)<\/title>\n<meta name=\"description\" content=\"Partez \u00e0 la d\u00e9couverte de notre magnifique Crique, situ\u00e9e au troisi\u00e8me et dernier \u00e9tage de notre H\u00f4tel \u00e0 Paris !\" \/>\n<meta name=\"robots\" content=\"index, follow, max-snippet:-1, max-image-preview:large, max-video-preview:-1\" \/>\n<link rel=\"canonical\" href=\"https:\/\/www.casalafinca.com\/es\/les-chambres\/la-crique\" \/>\n<meta property=\"og:locale\" content=\"es_ES\" \/>\n<meta property=\"og:type\" content=\"article\" \/>\n<meta property=\"og:title\" content=\"Chambres La Crique - H\u00f4tels La Finca - Paris (11e ARR.)\" \/>\n<meta property=\"og:description\" content=\"Partez \u00e0 la d\u00e9couverte de notre magnifique Crique, situ\u00e9e au troisi\u00e8me et dernier \u00e9tage de notre H\u00f4tel \u00e0 Paris !\" \/>\n<meta property=\"og:url\" content=\"https:\/\/www.casalafinca.com\/es\/les-chambres\/la-crique\" \/>\n<meta property=\"og:site_name\" content=\"H\u00f4tel - La Finca\" \/>\n<meta property=\"article:publisher\" content=\"https:\/\/www.facebook.com\/lafincaparis\/yoast\" \/>\n<meta property=\"article:modified_time\" content=\"2025-08-20T17:14:10+00:00\" \/>\n<meta property=\"og:image\" content=\"https:\/\/www.casalafinca.com\/wp-content\/uploads\/2023\/08\/Punta-Xarraca_6-1-scaled.jpg\" \/>\n\t<meta property=\"og:image:width\" content=\"2560\" \/>\n\t<meta property=\"og:image:height\" content=\"2560\" \/>\n\t<meta property=\"og:image:type\" content=\"image\/jpeg\" \/>\n<meta name=\"twitter:card\" content=\"summary_large_image\" \/>\n<script type=\"application\/ld+json\" class=\"yoast-schema-graph\">{\"@context\":\"https:\\\/\\\/schema.org\",\"@graph\":[{\"@type\":\"WebPage\",\"@id\":\"https:\\\/\\\/www.casalafinca.com\\\/es\\\/les-chambres\\\/la-crique\",\"url\":\"https:\\\/\\\/www.casalafinca.com\\\/es\\\/les-chambres\\\/la-crique\",\"name\":\"Chambres La Crique - H\u00f4tels La Finca - Paris (11e ARR.)\",\"isPartOf\":{\"@id\":\"https:\\\/\\\/www.casalafinca.com\\\/#website\"},\"datePublished\":\"2021-02-15T12:59:41+00:00\",\"dateModified\":\"2025-08-20T17:14:10+00:00\",\"description\":\"Partez \u00e0 la d\u00e9couverte de notre magnifique Crique, situ\u00e9e au troisi\u00e8me et dernier \u00e9tage de notre H\u00f4tel \u00e0 Paris !\",\"breadcrumb\":{\"@id\":\"https:\\\/\\\/www.casalafinca.com\\\/es\\\/les-chambres\\\/la-crique#breadcrumb\"},\"inLanguage\":\"es\",\"potentialAction\":[{\"@type\":\"ReadAction\",\"target\":[\"https:\\\/\\\/www.casalafinca.com\\\/es\\\/les-chambres\\\/la-crique\"]}]},{\"@type\":\"BreadcrumbList\",\"@id\":\"https:\\\/\\\/www.casalafinca.com\\\/es\\\/les-chambres\\\/la-crique#breadcrumb\",\"itemListElement\":[{\"@type\":\"ListItem\",\"position\":1,\"name\":\"Accueil\",\"item\":\"https:\\\/\\\/www.casalafinca.com\\\/es\"},{\"@type\":\"ListItem\",\"position\":2,\"name\":\"Las Habitaciones\",\"item\":\"https:\\\/\\\/www.casalafinca.com\\\/es\\\/les-chambres\"},{\"@type\":\"ListItem\",\"position\":3,\"name\":\"La Suite\"}]},{\"@type\":\"WebSite\",\"@id\":\"https:\\\/\\\/www.casalafinca.com\\\/#website\",\"url\":\"https:\\\/\\\/www.casalafinca.com\\\/\",\"name\":\"H\u00f4tel - La Finca\",\"description\":\"La Finca h\u00f4tel, spa et restaurant\",\"publisher\":{\"@id\":\"https:\\\/\\\/www.casalafinca.com\\\/#organization\"},\"potentialAction\":[{\"@type\":\"SearchAction\",\"target\":{\"@type\":\"EntryPoint\",\"urlTemplate\":\"https:\\\/\\\/www.casalafinca.com\\\/?s={search_term_string}\"},\"query-input\":{\"@type\":\"PropertyValueSpecification\",\"valueRequired\":true,\"valueName\":\"search_term_string\"}}],\"inLanguage\":\"es\"},{\"@type\":\"Organization\",\"@id\":\"https:\\\/\\\/www.casalafinca.com\\\/#organization\",\"name\":\"H\u00f4tel - La Finca\",\"url\":\"https:\\\/\\\/www.casalafinca.com\\\/\",\"logo\":{\"@type\":\"ImageObject\",\"inLanguage\":\"es\",\"@id\":\"https:\\\/\\\/www.casalafinca.com\\\/#\\\/schema\\\/logo\\\/image\\\/\",\"url\":\"https:\\\/\\\/www.casalafinca.com\\\/wp-content\\\/uploads\\\/2021\\\/02\\\/visage-bleu.svg\",\"contentUrl\":\"https:\\\/\\\/www.casalafinca.com\\\/wp-content\\\/uploads\\\/2021\\\/02\\\/visage-bleu.svg\",\"width\":1,\"height\":1,\"caption\":\"H\u00f4tel - La Finca\"},\"image\":{\"@id\":\"https:\\\/\\\/www.casalafinca.com\\\/#\\\/schema\\\/logo\\\/image\\\/\"},\"sameAs\":[\"https:\\\/\\\/www.facebook.com\\\/lafincaparis\\\/yoast\"]}]}<\/script>\n<!-- \/ Yoast SEO plugin. -->","yoast_head_json":{"title":"Chambres La Crique - H\u00f4tels La Finca - Paris (11e ARR.)","description":"Partez \u00e0 la d\u00e9couverte de notre magnifique Crique, situ\u00e9e au troisi\u00e8me et dernier \u00e9tage de notre H\u00f4tel \u00e0 Paris !","robots":{"index":"index","follow":"follow","max-snippet":"max-snippet:-1","max-image-preview":"max-image-preview:large","max-video-preview":"max-video-preview:-1"},"canonical":"https:\/\/www.casalafinca.com\/es\/les-chambres\/la-crique","og_locale":"es_ES","og_type":"article","og_title":"Chambres La Crique - H\u00f4tels La Finca - Paris (11e ARR.)","og_description":"Partez \u00e0 la d\u00e9couverte de notre magnifique Crique, situ\u00e9e au troisi\u00e8me et dernier \u00e9tage de notre H\u00f4tel \u00e0 Paris !","og_url":"https:\/\/www.casalafinca.com\/es\/les-chambres\/la-crique","og_site_name":"H\u00f4tel - La Finca","article_publisher":"https:\/\/www.facebook.com\/lafincaparis\/yoast","article_modified_time":"2025-08-20T17:14:10+00:00","og_image":[{"width":2560,"height":2560,"url":"https:\/\/www.casalafinca.com\/wp-content\/uploads\/2023\/08\/Punta-Xarraca_6-1-scaled.jpg","type":"image\/jpeg"}],"twitter_card":"summary_large_image","schema":{"@context":"https:\/\/schema.org","@graph":[{"@type":"WebPage","@id":"https:\/\/www.casalafinca.com\/es\/les-chambres\/la-crique","url":"https:\/\/www.casalafinca.com\/es\/les-chambres\/la-crique","name":"Chambres La Crique - H\u00f4tels La Finca - Paris (11e ARR.)","isPartOf":{"@id":"https:\/\/www.casalafinca.com\/#website"},"datePublished":"2021-02-15T12:59:41+00:00","dateModified":"2025-08-20T17:14:10+00:00","description":"Partez \u00e0 la d\u00e9couverte de notre magnifique Crique, situ\u00e9e au troisi\u00e8me et dernier \u00e9tage de notre H\u00f4tel \u00e0 Paris !","breadcrumb":{"@id":"https:\/\/www.casalafinca.com\/es\/les-chambres\/la-crique#breadcrumb"},"inLanguage":"es","potentialAction":[{"@type":"ReadAction","target":["https:\/\/www.casalafinca.com\/es\/les-chambres\/la-crique"]}]},{"@type":"BreadcrumbList","@id":"https:\/\/www.casalafinca.com\/es\/les-chambres\/la-crique#breadcrumb","itemListElement":[{"@type":"ListItem","position":1,"name":"Accueil","item":"https:\/\/www.casalafinca.com\/es"},{"@type":"ListItem","position":2,"name":"Las Habitaciones","item":"https:\/\/www.casalafinca.com\/es\/les-chambres"},{"@type":"ListItem","position":3,"name":"La Suite"}]},{"@type":"WebSite","@id":"https:\/\/www.casalafinca.com\/#website","url":"https:\/\/www.casalafinca.com\/","name":"H\u00f4tel - La Finca","description":"La Finca h\u00f4tel, spa et restaurant","publisher":{"@id":"https:\/\/www.casalafinca.com\/#organization"},"potentialAction":[{"@type":"SearchAction","target":{"@type":"EntryPoint","urlTemplate":"https:\/\/www.casalafinca.com\/?s={search_term_string}"},"query-input":{"@type":"PropertyValueSpecification","valueRequired":true,"valueName":"search_term_string"}}],"inLanguage":"es"},{"@type":"Organization","@id":"https:\/\/www.casalafinca.com\/#organization","name":"H\u00f4tel - La Finca","url":"https:\/\/www.casalafinca.com\/","logo":{"@type":"ImageObject","inLanguage":"es","@id":"https:\/\/www.casalafinca.com\/#\/schema\/logo\/image\/","url":"https:\/\/www.casalafinca.com\/wp-content\/uploads\/2021\/02\/visage-bleu.svg","contentUrl":"https:\/\/www.casalafinca.com\/wp-content\/uploads\/2021\/02\/visage-bleu.svg","width":1,"height":1,"caption":"H\u00f4tel - La Finca"},"image":{"@id":"https:\/\/www.casalafinca.com\/#\/schema\/logo\/image\/"},"sameAs":["https:\/\/www.facebook.com\/lafincaparis\/yoast"]}]}},"_links":{"self":[{"href":"https:\/\/www.casalafinca.com\/es\/wp-json\/wp\/v2\/pages\/3890","targetHints":{"allow":["GET"]}}],"collection":[{"href":"https:\/\/www.casalafinca.com\/es\/wp-json\/wp\/v2\/pages"}],"about":[{"href":"https:\/\/www.casalafinca.com\/es\/wp-json\/wp\/v2\/types\/page"}],"author":[{"embeddable":true,"href":"https:\/\/www.casalafinca.com\/es\/wp-json\/wp\/v2\/users\/1"}],"replies":[{"embeddable":true,"href":"https:\/\/www.casalafinca.com\/es\/wp-json\/wp\/v2\/comments?post=3890"}],"version-history":[{"count":12,"href":"https:\/\/www.casalafinca.com\/es\/wp-json\/wp\/v2\/pages\/3890\/revisions"}],"predecessor-version":[{"id":4010,"href":"https:\/\/www.casalafinca.com\/es\/wp-json\/wp\/v2\/pages\/3890\/revisions\/4010"}],"up":[{"embeddable":true,"href":"https:\/\/www.casalafinca.com\/es\/wp-json\/wp\/v2\/pages\/3843"}],"wp:attachment":[{"href":"https:\/\/www.casalafinca.com\/es\/wp-json\/wp\/v2\/media?parent=3890"}],"curies":[{"name":"wp","href":"https:\/\/api.w.org\/{rel}","templated":true}]}}