{"id":3843,"date":"2021-02-15T03:55:39","date_gmt":"2021-02-15T02:55:39","guid":{"rendered":"https:\/\/www.casalafinca.com\/les-chambres"},"modified":"2025-08-19T17:13:23","modified_gmt":"2025-08-19T15:13:23","slug":"les-chambres","status":"publish","type":"page","link":"https:\/\/www.casalafinca.com\/es\/les-chambres","title":{"rendered":"Las Habitaciones"},"content":{"rendered":"<div class=\"entete relative\"><div class=\"headzone\"><h1>Las Habitaciones<\/h1><\/div><div class=\"bandeau scratch relative\" style=\"background-image:url(https:\/\/www.casalafinca.com\/wp-content\/uploads\/2023\/08\/Punta-Xarraca_1-scaled.jpg)\"><div class=\"bandeau_content\"><\/div><p id=\"breadcrumbs\"><span><span><a href=\"https:\/\/www.casalafinca.com\/es\">Accueil<\/a><\/span><\/span><\/p><\/div><\/div>\n\n<section class=\"chambre_listing bg_paper vpad4 overflow relative\">\n\n\n\n   <img decoding=\"async\" src=\"https:\/\/www.casalafinca.com\/wp-content\/themes\/thirty5\/library\/images\/tache-jaune.png\" alt=\"\" class=\"yellowpaint parallax\" data-speed=\"15\">\n   <img decoding=\"async\" src=\"https:\/\/www.casalafinca.com\/wp-content\/themes\/thirty5\/library\/images\/tache-orange.png\" alt=\"\" class=\"orangepaint parallax\" data-speed=\"10\">\n\n\n   <div class=\"container paint1 relative zindex50\">\n      <h2 class=\"\">Nuestro universo<\/h2>\n   <\/div>\n\n   <div class=\"container abtn relative zindex50\">\n\n      <script type=\"text\/javascript\" src=\"https:\/\/www.casalafinca.com\/wp-content\/themes\/thirty5\/library\/js\/owl\/owl.carousel.js\"><\/script><link rel=\"stylesheet\" href=\"https:\/\/www.casalafinca.com\/wp-content\/themes\/thirty5\/library\/js\/owl\/assets\/owl.carousel.css\"><link rel=\"stylesheet\" href=\"https:\/\/www.casalafinca.com\/wp-content\/themes\/thirty5\/library\/js\/owl\/assets\/owl.theme.default.css\"><article class=\"flex animateL\"><div class=\"col1-4 col flex relative\"><h3>La suite <\/h3><em>Habitaci\u00f3n triple<\/em><p data-start=\"58\" data-end=\"85\">\u00a1Tranquila y espaciosa!<\/p>\n<p data-start=\"87\" data-end=\"104\"><a href=\"https:\/\/www.casalafinca.com\/es\/les-chambres\/la-crique\">La habitaci\u00f3n<\/a><\/p>\n<\/div><div class=\"col3-4 relative\"><div class=\"chambre_1 chambre_diapo owl-carousel\"><div class=\"slide hover4\" style=\"background-image:url(https:\/\/www.casalafinca.com\/wp-content\/uploads\/2023\/08\/Punta-Xarraca_10_2-scaled.jpg)\"><\/div><\/div><\/div><\/article>\n            <script type=\"text\/javascript\">\n               jQuery(document).ready(function($){\n                  $('.chambre_1').owlCarousel({\n                     loop:true,\n                     margin:0,\n                     nav:true,\n                     items:1,\n                  });\n               });\n            <\/script>\n\n         <article class=\"flex animateR\"><div class=\"col1-4 col flex relative\"><h3>La executive<\/h3><em>Habitaci\u00f3n doble<\/em><p data-start=\"58\" data-end=\"86\">\u00a1Encantadora con vistas!<\/p>\n<p data-start=\"88\" data-end=\"105\"><a href=\"https:\/\/www.casalafinca.com\/es\/les-chambres\/le-village\">La habitaci\u00f3n<\/a><\/p>\n<\/div><div class=\"col3-4 relative\"><div class=\"chambre_2 chambre_diapo owl-carousel\"><div class=\"slide hover4\" style=\"background-image:url(https:\/\/www.casalafinca.com\/wp-content\/uploads\/2023\/08\/Punta-Benirras_2-scaled.jpg)\"><\/div><\/div><\/div><\/article>\n            <script type=\"text\/javascript\">\n               jQuery(document).ready(function($){\n                  $('.chambre_2').owlCarousel({\n                     loop:true,\n                     margin:0,\n                     nav:true,\n                     items:1,\n                  });\n               });\n            <\/script>\n\n         <article class=\"flex animateL\"><div class=\"col1-4 col flex relative\"><h3>La confort<\/h3><em>Habitaci\u00f3n doble<\/em><p data-start=\"68\" data-end=\"99\">\u00a1Revitalizante y funcional!<\/p>\n<p data-start=\"101\" data-end=\"118\"><a href=\"https:\/\/www.casalafinca.com\/es\/les-chambres\/la-plage\">La habitaci\u00f3n<\/a><\/p>\n<\/div><div class=\"col3-4 relative\"><div class=\"chambre_3 chambre_diapo owl-carousel\"><div class=\"slide hover4\" style=\"background-image:url(https:\/\/www.casalafinca.com\/wp-content\/uploads\/2023\/08\/Punta-Prima_3-1-scaled.jpg)\"><\/div><\/div><\/div><\/article>\n            <script type=\"text\/javascript\">\n               jQuery(document).ready(function($){\n                  $('.chambre_3').owlCarousel({\n                     loop:true,\n                     margin:0,\n                     nav:true,\n                     items:1,\n                  });\n               });\n            <\/script>\n\n         <article class=\"flex animateR\"><div class=\"col1-4 col flex relative\"><h3>La standard <\/h3><em>Habitaci\u00f3n doble<\/em><p data-start=\"60\" data-end=\"89\">\u00a1Relajante y confortable!<\/p>\n<p data-start=\"91\" data-end=\"108\"><a href=\"https:\/\/www.casalafinca.com\/es\/les-chambres\/la-confort\">La habitaci\u00f3n<\/a><\/p>\n<\/div><div class=\"col3-4 relative\"><div class=\"chambre_4 chambre_diapo owl-carousel\"><div class=\"slide hover4\" style=\"background-image:url(https:\/\/www.casalafinca.com\/wp-content\/uploads\/2023\/08\/Punta-De-Sa-Torre_4-2-scaled.jpg)\"><\/div><\/div><\/div><\/article>\n            <script type=\"text\/javascript\">\n               jQuery(document).ready(function($){\n                  $('.chambre_4').owlCarousel({\n                     loop:true,\n                     margin:0,\n                     nav:true,\n                     items:1,\n                  });\n               });\n            <\/script>\n\n         \n   <\/div>\n\n\n<\/section>\n\n\n<section class=\"separateur\">\n   <img decoding=\"async\" src=\"\" class=\"fw\"><\/section>\n\n\n\n<script>\n  ;(function (d, s, id) {\n   const el = d.getElementsByTagName(s)[0]\n   if (d.getElementById(id) || el.parentNode == null) return\n   var js = d.createElement(s)\n   js.id = id\n   js.src = 'https:\/\/sdk.zenchef.com\/v1\/sdk.min.js'\n   el.parentNode.insertBefore(js, el)\n  })(document, 'script', 'zenchef-sdk')\n<\/script>\n<div\n  class=\"zc-widget-config\"\n  data-restaurant=\"363857\"\n><\/div>\n","protected":false},"excerpt":{"rendered":"","protected":false},"author":1,"featured_media":0,"parent":0,"menu_order":4,"comment_status":"closed","ping_status":"closed","template":"","meta":{"footnotes":""},"class_list":["post-3843","page","type-page","status-publish","hentry"],"yoast_head":"<!-- This site is optimized with the Yoast SEO plugin v27.4 - https:\/\/yoast.com\/product\/yoast-seo-wordpress\/ -->\n<title>D\u00e9couvrez les chambres de notre h\u00f4tel - H\u00f4tel La Finca \u00e0 Paris<\/title>\n<meta name=\"description\" content=\"L&#039;H\u00f4tel La Finca \u00e0 Paris, c&#039;est 3 \u00e9tages, 3 univers \u00e0 d\u00e9couvrir seul ou accompagn\u00e9. Autant d&#039;ambiances et de moments \u00e0 partager !\" \/>\n<meta name=\"robots\" content=\"index, follow, max-snippet:-1, max-image-preview:large, max-video-preview:-1\" \/>\n<link rel=\"canonical\" href=\"https:\/\/www.casalafinca.com\/es\/les-chambres\" \/>\n<meta property=\"og:locale\" content=\"es_ES\" \/>\n<meta property=\"og:type\" content=\"article\" \/>\n<meta property=\"og:title\" content=\"D\u00e9couvrez les chambres de notre h\u00f4tel - H\u00f4tel La Finca \u00e0 Paris\" \/>\n<meta property=\"og:description\" content=\"L&#039;H\u00f4tel La Finca \u00e0 Paris, c&#039;est 3 \u00e9tages, 3 univers \u00e0 d\u00e9couvrir seul ou accompagn\u00e9. Autant d&#039;ambiances et de moments \u00e0 partager !\" \/>\n<meta property=\"og:url\" content=\"https:\/\/www.casalafinca.com\/es\/les-chambres\" \/>\n<meta property=\"og:site_name\" content=\"H\u00f4tel - La Finca\" \/>\n<meta property=\"article:publisher\" content=\"https:\/\/www.facebook.com\/lafincaparis\/yoast\" \/>\n<meta property=\"article:modified_time\" content=\"2025-08-19T15:13:23+00:00\" \/>\n<meta property=\"og:image\" content=\"https:\/\/www.casalafinca.com\/wp-content\/uploads\/2023\/08\/Punta-Xarraca_6-1-scaled.jpg\" \/>\n\t<meta property=\"og:image:width\" content=\"2560\" \/>\n\t<meta property=\"og:image:height\" content=\"2560\" \/>\n\t<meta property=\"og:image:type\" content=\"image\/jpeg\" \/>\n<meta name=\"twitter:card\" content=\"summary_large_image\" \/>\n<script type=\"application\/ld+json\" class=\"yoast-schema-graph\">{\"@context\":\"https:\\\/\\\/schema.org\",\"@graph\":[{\"@type\":\"WebPage\",\"@id\":\"https:\\\/\\\/www.casalafinca.com\\\/es\\\/les-chambres\",\"url\":\"https:\\\/\\\/www.casalafinca.com\\\/es\\\/les-chambres\",\"name\":\"D\u00e9couvrez les chambres de notre h\u00f4tel - H\u00f4tel La Finca \u00e0 Paris\",\"isPartOf\":{\"@id\":\"https:\\\/\\\/www.casalafinca.com\\\/#website\"},\"datePublished\":\"2021-02-15T02:55:39+00:00\",\"dateModified\":\"2025-08-19T15:13:23+00:00\",\"description\":\"L'H\u00f4tel La Finca \u00e0 Paris, c'est 3 \u00e9tages, 3 univers \u00e0 d\u00e9couvrir seul ou accompagn\u00e9. Autant d'ambiances et de moments \u00e0 partager !\",\"breadcrumb\":{\"@id\":\"https:\\\/\\\/www.casalafinca.com\\\/es\\\/les-chambres#breadcrumb\"},\"inLanguage\":\"es\",\"potentialAction\":[{\"@type\":\"ReadAction\",\"target\":[\"https:\\\/\\\/www.casalafinca.com\\\/es\\\/les-chambres\"]}]},{\"@type\":\"BreadcrumbList\",\"@id\":\"https:\\\/\\\/www.casalafinca.com\\\/es\\\/les-chambres#breadcrumb\",\"itemListElement\":[{\"@type\":\"ListItem\",\"position\":1,\"name\":\"Accueil\",\"item\":\"https:\\\/\\\/www.casalafinca.com\\\/es\"},{\"@type\":\"ListItem\",\"position\":2,\"name\":\"Las Habitaciones\"}]},{\"@type\":\"WebSite\",\"@id\":\"https:\\\/\\\/www.casalafinca.com\\\/#website\",\"url\":\"https:\\\/\\\/www.casalafinca.com\\\/\",\"name\":\"H\u00f4tel - La Finca\",\"description\":\"La Finca h\u00f4tel, spa et restaurant\",\"publisher\":{\"@id\":\"https:\\\/\\\/www.casalafinca.com\\\/#organization\"},\"potentialAction\":[{\"@type\":\"SearchAction\",\"target\":{\"@type\":\"EntryPoint\",\"urlTemplate\":\"https:\\\/\\\/www.casalafinca.com\\\/?s={search_term_string}\"},\"query-input\":{\"@type\":\"PropertyValueSpecification\",\"valueRequired\":true,\"valueName\":\"search_term_string\"}}],\"inLanguage\":\"es\"},{\"@type\":\"Organization\",\"@id\":\"https:\\\/\\\/www.casalafinca.com\\\/#organization\",\"name\":\"H\u00f4tel - La Finca\",\"url\":\"https:\\\/\\\/www.casalafinca.com\\\/\",\"logo\":{\"@type\":\"ImageObject\",\"inLanguage\":\"es\",\"@id\":\"https:\\\/\\\/www.casalafinca.com\\\/#\\\/schema\\\/logo\\\/image\\\/\",\"url\":\"https:\\\/\\\/www.casalafinca.com\\\/wp-content\\\/uploads\\\/2021\\\/02\\\/visage-bleu.svg\",\"contentUrl\":\"https:\\\/\\\/www.casalafinca.com\\\/wp-content\\\/uploads\\\/2021\\\/02\\\/visage-bleu.svg\",\"width\":1,\"height\":1,\"caption\":\"H\u00f4tel - La Finca\"},\"image\":{\"@id\":\"https:\\\/\\\/www.casalafinca.com\\\/#\\\/schema\\\/logo\\\/image\\\/\"},\"sameAs\":[\"https:\\\/\\\/www.facebook.com\\\/lafincaparis\\\/yoast\"]}]}<\/script>\n<!-- \/ Yoast SEO plugin. -->","yoast_head_json":{"title":"D\u00e9couvrez les chambres de notre h\u00f4tel - H\u00f4tel La Finca \u00e0 Paris","description":"L'H\u00f4tel La Finca \u00e0 Paris, c'est 3 \u00e9tages, 3 univers \u00e0 d\u00e9couvrir seul ou accompagn\u00e9. Autant d'ambiances et de moments \u00e0 partager !","robots":{"index":"index","follow":"follow","max-snippet":"max-snippet:-1","max-image-preview":"max-image-preview:large","max-video-preview":"max-video-preview:-1"},"canonical":"https:\/\/www.casalafinca.com\/es\/les-chambres","og_locale":"es_ES","og_type":"article","og_title":"D\u00e9couvrez les chambres de notre h\u00f4tel - H\u00f4tel La Finca \u00e0 Paris","og_description":"L'H\u00f4tel La Finca \u00e0 Paris, c'est 3 \u00e9tages, 3 univers \u00e0 d\u00e9couvrir seul ou accompagn\u00e9. Autant d'ambiances et de moments \u00e0 partager !","og_url":"https:\/\/www.casalafinca.com\/es\/les-chambres","og_site_name":"H\u00f4tel - La Finca","article_publisher":"https:\/\/www.facebook.com\/lafincaparis\/yoast","article_modified_time":"2025-08-19T15:13:23+00:00","og_image":[{"width":2560,"height":2560,"url":"https:\/\/www.casalafinca.com\/wp-content\/uploads\/2023\/08\/Punta-Xarraca_6-1-scaled.jpg","type":"image\/jpeg"}],"twitter_card":"summary_large_image","schema":{"@context":"https:\/\/schema.org","@graph":[{"@type":"WebPage","@id":"https:\/\/www.casalafinca.com\/es\/les-chambres","url":"https:\/\/www.casalafinca.com\/es\/les-chambres","name":"D\u00e9couvrez les chambres de notre h\u00f4tel - H\u00f4tel La Finca \u00e0 Paris","isPartOf":{"@id":"https:\/\/www.casalafinca.com\/#website"},"datePublished":"2021-02-15T02:55:39+00:00","dateModified":"2025-08-19T15:13:23+00:00","description":"L'H\u00f4tel La Finca \u00e0 Paris, c'est 3 \u00e9tages, 3 univers \u00e0 d\u00e9couvrir seul ou accompagn\u00e9. Autant d'ambiances et de moments \u00e0 partager !","breadcrumb":{"@id":"https:\/\/www.casalafinca.com\/es\/les-chambres#breadcrumb"},"inLanguage":"es","potentialAction":[{"@type":"ReadAction","target":["https:\/\/www.casalafinca.com\/es\/les-chambres"]}]},{"@type":"BreadcrumbList","@id":"https:\/\/www.casalafinca.com\/es\/les-chambres#breadcrumb","itemListElement":[{"@type":"ListItem","position":1,"name":"Accueil","item":"https:\/\/www.casalafinca.com\/es"},{"@type":"ListItem","position":2,"name":"Las Habitaciones"}]},{"@type":"WebSite","@id":"https:\/\/www.casalafinca.com\/#website","url":"https:\/\/www.casalafinca.com\/","name":"H\u00f4tel - La Finca","description":"La Finca h\u00f4tel, spa et restaurant","publisher":{"@id":"https:\/\/www.casalafinca.com\/#organization"},"potentialAction":[{"@type":"SearchAction","target":{"@type":"EntryPoint","urlTemplate":"https:\/\/www.casalafinca.com\/?s={search_term_string}"},"query-input":{"@type":"PropertyValueSpecification","valueRequired":true,"valueName":"search_term_string"}}],"inLanguage":"es"},{"@type":"Organization","@id":"https:\/\/www.casalafinca.com\/#organization","name":"H\u00f4tel - La Finca","url":"https:\/\/www.casalafinca.com\/","logo":{"@type":"ImageObject","inLanguage":"es","@id":"https:\/\/www.casalafinca.com\/#\/schema\/logo\/image\/","url":"https:\/\/www.casalafinca.com\/wp-content\/uploads\/2021\/02\/visage-bleu.svg","contentUrl":"https:\/\/www.casalafinca.com\/wp-content\/uploads\/2021\/02\/visage-bleu.svg","width":1,"height":1,"caption":"H\u00f4tel - La Finca"},"image":{"@id":"https:\/\/www.casalafinca.com\/#\/schema\/logo\/image\/"},"sameAs":["https:\/\/www.facebook.com\/lafincaparis\/yoast"]}]}},"_links":{"self":[{"href":"https:\/\/www.casalafinca.com\/es\/wp-json\/wp\/v2\/pages\/3843","targetHints":{"allow":["GET"]}}],"collection":[{"href":"https:\/\/www.casalafinca.com\/es\/wp-json\/wp\/v2\/pages"}],"about":[{"href":"https:\/\/www.casalafinca.com\/es\/wp-json\/wp\/v2\/types\/page"}],"author":[{"embeddable":true,"href":"https:\/\/www.casalafinca.com\/es\/wp-json\/wp\/v2\/users\/1"}],"replies":[{"embeddable":true,"href":"https:\/\/www.casalafinca.com\/es\/wp-json\/wp\/v2\/comments?post=3843"}],"version-history":[{"count":4,"href":"https:\/\/www.casalafinca.com\/es\/wp-json\/wp\/v2\/pages\/3843\/revisions"}],"predecessor-version":[{"id":3973,"href":"https:\/\/www.casalafinca.com\/es\/wp-json\/wp\/v2\/pages\/3843\/revisions\/3973"}],"wp:attachment":[{"href":"https:\/\/www.casalafinca.com\/es\/wp-json\/wp\/v2\/media?parent=3843"}],"curies":[{"name":"wp","href":"https:\/\/api.w.org\/{rel}","templated":true}]}}