{"id":1145,"date":"2021-02-22T22:37:51","date_gmt":"2021-02-22T21:37:51","guid":{"rendered":"https:\/\/www.casalafinca.com\/mentions-legales"},"modified":"2024-06-04T11:49:07","modified_gmt":"2024-06-04T09:49:07","slug":"legal-notices","status":"publish","type":"page","link":"https:\/\/www.casalafinca.com\/en\/legal-notices","title":{"rendered":"Legal Notices"},"content":{"rendered":"<div class=\"entete relative\"><div class=\"headzone\"><h1>Legal Notices<\/h1><\/div><div class=\"bandeau scratch relative\" style=\"background-image:url(https:\/\/www.casalafinca.com\/wp-content\/uploads\/2021\/02\/la-finca-conditions-generales-de-vente.jpg)\"><div class=\"bandeau_content\"><\/div><p id=\"breadcrumbs\"><span><span><a href=\"https:\/\/www.casalafinca.com\/en\">Accueil<\/a><\/span><\/span><\/p><\/div><\/div>\n\n<section class=\"bleu-arbre relative chapeau\">\n\n   <div class=\"container center col\">\n\n      <img decoding=\"async\" src=\"https:\/\/www.casalafinca.com\/wp-content\/themes\/thirty5\/library\/images\/eye.svg\" alt=\"\" class=\"eye\">\n\n   <\/div>\n\n   <div class=\"mcontainer abtn center\">\n\n      <p class=\"col1-1 col relative catchline\">\n               <\/p>\n\n      <article class=\"col1-1 relative\">\n         <h2><strong>Qui sommes-nous ?<\/strong><\/h2>\n<p>Ce site internet <strong>www.casalafinca.com<\/strong> est la propri\u00e9t\u00e9 de la\u00a0<strong>La Finca<\/strong> situ\u00e9e au <strong>44 Boulevard Richard-Lenoir 75011 Paris.<\/strong><\/p>\n<p><strong>01 47 00 52 77<\/strong><\/p>\n<p><strong><a href=\"mailto:contact@casalafinca.com\">contact@casalafinca.com<\/a><\/strong><\/p>\n<p><strong>Directeur de la publication :\u00a0<\/strong>Alice BOR\u00c9 \u2013 Pr\u00e9sidente.<\/p>\n<p><strong>H\u00e9bergeur :\u00a0<\/strong>OVH \u2013 2 rue Kellermann \u2013 59100 Roubaix \u2013 France.<\/p>\n<p><strong>Statut :<\/strong>\u00a0SASU AUBERGE FLORA<\/p>\n<div class=\"FicheDonnees__libelle\"><strong>Forme juridique :<\/strong>\u00a0SASU Soci\u00e9t\u00e9 par actions simplifi\u00e9e \u00e0 associ\u00e9 unique<\/div>\n<div>\n<p><strong>Num\u00e9ro RCS :<\/strong>\u00a0Paris B 482 396 876<\/p>\n<p><strong>Num\u00e9ro TVA Intracommunautaire :<\/strong>\u00a0FR13482396876<\/p>\n<\/div>\n<p><strong>Cr\u00e9ation et r\u00e9alisation du site internet :<\/strong><\/p>\n<p><a href=\"https:\/\/www.agence-vml.fr\/\"><strong>Vingt Mille Lieues \u2013 agence de communication.<\/strong><\/a><\/p>\n<p><strong>Cr\u00e9dit photos<\/strong><\/p>\n<p class=\"p1\">Gael Deroche &#8211; Photographe professionnel<\/p>\n<h2><strong>Cookies :<\/strong><\/h2>\n<p>Les cookies sont des petits fichiers informatiques, servant \u00e0 tracer l\u2019activit\u00e9 et le trafic de notre site. Ils permettent ainsi d\u2019analyser le comportement des internautes durant leurs visites. En arrivant sur le site internet, un petit module vous demandera si vous d\u00e9sirez ne pas utiliser ces cookies. En poursuivant votre navigation, l\u2019internaute accepte donc l\u2019utilisation de ces cookies. Ces informations statistiques nous permettent d\u2019optimiser notre site internet et ces contenus.<\/p>\n<h2><strong>Donn\u00e9es personnelles :<\/strong><\/h2>\n<p>Conform\u00e9ment \u00e0 la loi du 6 janvier 1978 relative \u00e0 l&#8217;informatique, aux fichiers et aux libert\u00e9s, le site a fait l&#8217;objet d&#8217;une d\u00e9claration aupr\u00e8s de la Commission Nationale Informatique et Libert\u00e9s (CNIL). Les utilisateurs du site sont tenus de respecter les dispositions de la Loi Informatique, Fichiers et Libert\u00e9s, dont la violation est passible de sanctions p\u00e9nales. Ils doivent notamment s&#8217;abstenir, s&#8217;agissant des informations nominatives auxquelles ils acc\u00e8dent, de toute collecte, de toute utilisation d\u00e9tourn\u00e9e, et d&#8217;une mani\u00e8re g\u00e9n\u00e9rale, de tout acte susceptible de porter atteinte \u00e0 la vie priv\u00e9e ou \u00e0 la r\u00e9putation des personnes. Vous disposez d&#8217;un droit d&#8217;acc\u00e8s, de modification, de rectification et de suppression des donn\u00e9es vous concernant (loi &#8221; Informatique et Libert\u00e9s &#8221; du 6 janvier 1978)<\/p>\n<p>Pour toute question concernant la protection des donn\u00e9es personnelles, merci de contacter\u00a0 : <strong>01 47 00 52 77<\/strong><br \/>\n<strong>contact@casalafinca.com<\/strong><\/p>\n<h2><strong>Responsabilit\u00e9s :<\/strong><\/h2>\n<p>La Finca ne pourra pas \u00eatre tenue responsable des dommages de toute nature, directs et\/ou indirects, lors de la connexion au site <strong>www.casalafinca.com<\/strong>, r\u00e9sultant du contenu et\/ou de l\u2019utilisation du site internet.<\/p>\n<p>Toutes les informations sont pr\u00e9sentes sur ce site \u00e0 titre indicatif, elles sont non contractuelles et n\u2019engagent pas la responsabilit\u00e9 de La Finca. La responsabilit\u00e9 de La Finca ne saurait \u00e9galement \u00eatre engag\u00e9e pour des omissions et\/ou erreurs que pourraient contenir le site. La Finca se r\u00e9serve le droit de modifier, mettre \u00e0 jour et\/ou d\u2019am\u00e9liorer \u00e0 tout moment et sans pr\u00e9avis, le site internet et l\u2019ensemble de ses contenus.<\/p>\n<h2><strong>Litiges :<\/strong><\/h2>\n<p>En cas de litige entre le professionnel et le consommateur, ceux-ci s\u2019efforceront de trouver une solution amiable.<\/p>\n<p>&nbsp;<\/p>\n<p>A d\u00e9faut d\u2019accord amiable, le consommateur a la possibilit\u00e9 de saisir gratuitement le m\u00e9diateur de la consommation dont rel\u00e8ve le professionnel, \u00e0 savoir l\u2019Association des M\u00e9diateurs Europ\u00e9ens (AME CONSO), dans un d\u00e9lai d\u2019un an \u00e0 compter de la r\u00e9clamation \u00e9crite adress\u00e9e au professionnel.<\/p>\n<p>&nbsp;<\/p>\n<p>La saisine du m\u00e9diateur de la consommation devra s\u2019effectuer :<\/p>\n<ul>\n<li>soit en compl\u00e9tant le formulaire pr\u00e9vu \u00e0 cet effet sur le site internet de l\u2019AME CONSO :<\/li>\n<\/ul>\n<p style=\"text-align: center;\"><a href=\"http:\/\/www.mediationconso-ame.com\/\">www.mediationconso-ame.com<\/a><\/p>\n<ul>\n<li style=\"text-align: left;\">soit par courrier adress\u00e9 \u00e0 l\u2019AME CONSO, 197 Boulevard Saint-Germain &#8211; 75007 PARIS.<\/li>\n<\/ul>\n      <\/article>\n\n      \n   <\/div>\n\n\n\n<\/section>\n\n\n\n<script>\n  ;(function (d, s, id) {\n   const el = d.getElementsByTagName(s)[0]\n   if (d.getElementById(id) || el.parentNode == null) return\n   var js = d.createElement(s)\n   js.id = id\n   js.src = 'https:\/\/sdk.zenchef.com\/v1\/sdk.min.js'\n   el.parentNode.insertBefore(js, el)\n  })(document, 'script', 'zenchef-sdk')\n<\/script>\n<div\n  class=\"zc-widget-config\"\n  data-restaurant=\"363857\"\n><\/div>\n","protected":false},"excerpt":{"rendered":"","protected":false},"author":1,"featured_media":0,"parent":0,"menu_order":8,"comment_status":"closed","ping_status":"closed","template":"","meta":{"footnotes":""},"class_list":["post-1145","page","type-page","status-publish","hentry"],"yoast_head":"<!-- This site is optimized with the Yoast SEO plugin v27.4 - https:\/\/yoast.com\/product\/yoast-seo-wordpress\/ -->\n<title>Legal Notices - H\u00f4tel - La Finca<\/title>\n<meta name=\"robots\" content=\"index, follow, max-snippet:-1, max-image-preview:large, max-video-preview:-1\" \/>\n<link rel=\"canonical\" href=\"https:\/\/www.casalafinca.com\/en\/legal-notices\" \/>\n<meta property=\"og:locale\" content=\"en_US\" \/>\n<meta property=\"og:type\" content=\"article\" \/>\n<meta property=\"og:title\" content=\"Legal Notices - H\u00f4tel - La Finca\" \/>\n<meta property=\"og:url\" content=\"https:\/\/www.casalafinca.com\/en\/legal-notices\" \/>\n<meta property=\"og:site_name\" content=\"H\u00f4tel - La Finca\" \/>\n<meta property=\"article:publisher\" content=\"https:\/\/www.facebook.com\/lafincaparis\/yoast\" \/>\n<meta property=\"article:modified_time\" content=\"2024-06-04T09:49:07+00:00\" \/>\n<meta property=\"og:image\" content=\"https:\/\/www.casalafinca.com\/wp-content\/uploads\/2023\/08\/Punta-Xarraca_6-1-scaled.jpg\" \/>\n\t<meta property=\"og:image:width\" content=\"2560\" \/>\n\t<meta property=\"og:image:height\" content=\"2560\" \/>\n\t<meta property=\"og:image:type\" content=\"image\/jpeg\" \/>\n<meta name=\"twitter:card\" content=\"summary_large_image\" \/>\n<script type=\"application\/ld+json\" class=\"yoast-schema-graph\">{\"@context\":\"https:\\\/\\\/schema.org\",\"@graph\":[{\"@type\":\"WebPage\",\"@id\":\"https:\\\/\\\/www.casalafinca.com\\\/en\\\/legal-notices\",\"url\":\"https:\\\/\\\/www.casalafinca.com\\\/en\\\/legal-notices\",\"name\":\"Legal Notices - H\u00f4tel - La Finca\",\"isPartOf\":{\"@id\":\"https:\\\/\\\/www.casalafinca.com\\\/#website\"},\"datePublished\":\"2021-02-22T21:37:51+00:00\",\"dateModified\":\"2024-06-04T09:49:07+00:00\",\"breadcrumb\":{\"@id\":\"https:\\\/\\\/www.casalafinca.com\\\/en\\\/legal-notices#breadcrumb\"},\"inLanguage\":\"en-US\",\"potentialAction\":[{\"@type\":\"ReadAction\",\"target\":[\"https:\\\/\\\/www.casalafinca.com\\\/en\\\/legal-notices\"]}]},{\"@type\":\"BreadcrumbList\",\"@id\":\"https:\\\/\\\/www.casalafinca.com\\\/en\\\/legal-notices#breadcrumb\",\"itemListElement\":[{\"@type\":\"ListItem\",\"position\":1,\"name\":\"Accueil\",\"item\":\"https:\\\/\\\/www.casalafinca.com\\\/en\"},{\"@type\":\"ListItem\",\"position\":2,\"name\":\"Legal Notices\"}]},{\"@type\":\"WebSite\",\"@id\":\"https:\\\/\\\/www.casalafinca.com\\\/#website\",\"url\":\"https:\\\/\\\/www.casalafinca.com\\\/\",\"name\":\"H\u00f4tel - La Finca\",\"description\":\"La Finca h\u00f4tel, spa et restaurant\",\"publisher\":{\"@id\":\"https:\\\/\\\/www.casalafinca.com\\\/#organization\"},\"potentialAction\":[{\"@type\":\"SearchAction\",\"target\":{\"@type\":\"EntryPoint\",\"urlTemplate\":\"https:\\\/\\\/www.casalafinca.com\\\/?s={search_term_string}\"},\"query-input\":{\"@type\":\"PropertyValueSpecification\",\"valueRequired\":true,\"valueName\":\"search_term_string\"}}],\"inLanguage\":\"en-US\"},{\"@type\":\"Organization\",\"@id\":\"https:\\\/\\\/www.casalafinca.com\\\/#organization\",\"name\":\"H\u00f4tel - La Finca\",\"url\":\"https:\\\/\\\/www.casalafinca.com\\\/\",\"logo\":{\"@type\":\"ImageObject\",\"inLanguage\":\"en-US\",\"@id\":\"https:\\\/\\\/www.casalafinca.com\\\/#\\\/schema\\\/logo\\\/image\\\/\",\"url\":\"https:\\\/\\\/www.casalafinca.com\\\/wp-content\\\/uploads\\\/2021\\\/02\\\/visage-bleu.svg\",\"contentUrl\":\"https:\\\/\\\/www.casalafinca.com\\\/wp-content\\\/uploads\\\/2021\\\/02\\\/visage-bleu.svg\",\"width\":1,\"height\":1,\"caption\":\"H\u00f4tel - La Finca\"},\"image\":{\"@id\":\"https:\\\/\\\/www.casalafinca.com\\\/#\\\/schema\\\/logo\\\/image\\\/\"},\"sameAs\":[\"https:\\\/\\\/www.facebook.com\\\/lafincaparis\\\/yoast\"]}]}<\/script>\n<!-- \/ Yoast SEO plugin. -->","yoast_head_json":{"title":"Legal Notices - H\u00f4tel - La Finca","robots":{"index":"index","follow":"follow","max-snippet":"max-snippet:-1","max-image-preview":"max-image-preview:large","max-video-preview":"max-video-preview:-1"},"canonical":"https:\/\/www.casalafinca.com\/en\/legal-notices","og_locale":"en_US","og_type":"article","og_title":"Legal Notices - H\u00f4tel - La Finca","og_url":"https:\/\/www.casalafinca.com\/en\/legal-notices","og_site_name":"H\u00f4tel - La Finca","article_publisher":"https:\/\/www.facebook.com\/lafincaparis\/yoast","article_modified_time":"2024-06-04T09:49:07+00:00","og_image":[{"width":2560,"height":2560,"url":"https:\/\/www.casalafinca.com\/wp-content\/uploads\/2023\/08\/Punta-Xarraca_6-1-scaled.jpg","type":"image\/jpeg"}],"twitter_card":"summary_large_image","schema":{"@context":"https:\/\/schema.org","@graph":[{"@type":"WebPage","@id":"https:\/\/www.casalafinca.com\/en\/legal-notices","url":"https:\/\/www.casalafinca.com\/en\/legal-notices","name":"Legal Notices - H\u00f4tel - La Finca","isPartOf":{"@id":"https:\/\/www.casalafinca.com\/#website"},"datePublished":"2021-02-22T21:37:51+00:00","dateModified":"2024-06-04T09:49:07+00:00","breadcrumb":{"@id":"https:\/\/www.casalafinca.com\/en\/legal-notices#breadcrumb"},"inLanguage":"en-US","potentialAction":[{"@type":"ReadAction","target":["https:\/\/www.casalafinca.com\/en\/legal-notices"]}]},{"@type":"BreadcrumbList","@id":"https:\/\/www.casalafinca.com\/en\/legal-notices#breadcrumb","itemListElement":[{"@type":"ListItem","position":1,"name":"Accueil","item":"https:\/\/www.casalafinca.com\/en"},{"@type":"ListItem","position":2,"name":"Legal Notices"}]},{"@type":"WebSite","@id":"https:\/\/www.casalafinca.com\/#website","url":"https:\/\/www.casalafinca.com\/","name":"H\u00f4tel - La Finca","description":"La Finca h\u00f4tel, spa et restaurant","publisher":{"@id":"https:\/\/www.casalafinca.com\/#organization"},"potentialAction":[{"@type":"SearchAction","target":{"@type":"EntryPoint","urlTemplate":"https:\/\/www.casalafinca.com\/?s={search_term_string}"},"query-input":{"@type":"PropertyValueSpecification","valueRequired":true,"valueName":"search_term_string"}}],"inLanguage":"en-US"},{"@type":"Organization","@id":"https:\/\/www.casalafinca.com\/#organization","name":"H\u00f4tel - La Finca","url":"https:\/\/www.casalafinca.com\/","logo":{"@type":"ImageObject","inLanguage":"en-US","@id":"https:\/\/www.casalafinca.com\/#\/schema\/logo\/image\/","url":"https:\/\/www.casalafinca.com\/wp-content\/uploads\/2021\/02\/visage-bleu.svg","contentUrl":"https:\/\/www.casalafinca.com\/wp-content\/uploads\/2021\/02\/visage-bleu.svg","width":1,"height":1,"caption":"H\u00f4tel - La Finca"},"image":{"@id":"https:\/\/www.casalafinca.com\/#\/schema\/logo\/image\/"},"sameAs":["https:\/\/www.facebook.com\/lafincaparis\/yoast"]}]}},"_links":{"self":[{"href":"https:\/\/www.casalafinca.com\/en\/wp-json\/wp\/v2\/pages\/1145","targetHints":{"allow":["GET"]}}],"collection":[{"href":"https:\/\/www.casalafinca.com\/en\/wp-json\/wp\/v2\/pages"}],"about":[{"href":"https:\/\/www.casalafinca.com\/en\/wp-json\/wp\/v2\/types\/page"}],"author":[{"embeddable":true,"href":"https:\/\/www.casalafinca.com\/en\/wp-json\/wp\/v2\/users\/1"}],"replies":[{"embeddable":true,"href":"https:\/\/www.casalafinca.com\/en\/wp-json\/wp\/v2\/comments?post=1145"}],"version-history":[{"count":5,"href":"https:\/\/www.casalafinca.com\/en\/wp-json\/wp\/v2\/pages\/1145\/revisions"}],"predecessor-version":[{"id":3632,"href":"https:\/\/www.casalafinca.com\/en\/wp-json\/wp\/v2\/pages\/1145\/revisions\/3632"}],"wp:attachment":[{"href":"https:\/\/www.casalafinca.com\/en\/wp-json\/wp\/v2\/media?parent=1145"}],"curies":[{"name":"wp","href":"https:\/\/api.w.org\/{rel}","templated":true}]}}